{"id":9,"date":"2026-04-09T15:20:20","date_gmt":"2026-04-09T15:20:20","guid":{"rendered":"https:\/\/orolaguna.rkinformatika.online\/?page_id=9"},"modified":"2026-04-14T10:07:15","modified_gmt":"2026-04-14T10:07:15","slug":"servicio","status":"publish","type":"page","link":"https:\/\/orolaguna.es\/en\/servicio\/","title":{"rendered":"Servicio"},"content":{"rendered":"<div data-elementor-type=\"wp-page\" data-elementor-id=\"9\" class=\"elementor elementor-9\" data-elementor-post-type=\"page\">\n\t\t\t\t<div class=\"elementor-element elementor-element-b4ab887 e-flex e-con-boxed e-con e-parent\" data-id=\"b4ab887\" data-element_type=\"container\" data-e-type=\"container\" data-settings=\"{&quot;background_background&quot;:&quot;classic&quot;}\">\n\t\t\t\t\t<div class=\"e-con-inner\">\n\t\t\t\t<div class=\"elementor-element elementor-element-60b9fbb elementor-invisible elementor-widget elementor-widget-heading\" data-id=\"60b9fbb\" data-element_type=\"widget\" data-e-type=\"widget\" data-settings=\"{&quot;_animation&quot;:&quot;fadeIn&quot;}\" data-widget_type=\"heading.default\">\n\t\t\t\t\t<h2 class=\"elementor-heading-title elementor-size-default\">La Laguna<\/h2>\t\t\t\t<\/div>\n\t\t\t\t<div class=\"elementor-element elementor-element-d53c7c9 elementor-widget elementor-widget-text-editor\" data-id=\"d53c7c9\" data-element_type=\"widget\" data-e-type=\"widget\" data-widget_type=\"text-editor.default\">\n\t\t\t\t\t\t\t\t\t<p>Servicio de venta recuperable con total confianza<\/p>\t\t\t\t\t\t\t\t<\/div>\n\t\t\t\t\t<\/div>\n\t\t\t\t<\/div>\n\t\t<div class=\"elementor-element elementor-element-532864b e-flex e-con-boxed e-con e-parent\" data-id=\"532864b\" data-element_type=\"container\" data-e-type=\"container\">\n\t\t\t\t\t<div class=\"e-con-inner\">\n\t\t\t\t<div class=\"elementor-element elementor-element-a28c9d5 elementor-widget elementor-widget-heading\" data-id=\"a28c9d5\" data-element_type=\"widget\" data-e-type=\"widget\" data-widget_type=\"heading.default\">\n\t\t\t\t\t<h2 class=\"elementor-heading-title elementor-size-default\">Convierte tus joyas en dinero al instante, con transparencia y seguridad.<\/h2>\t\t\t\t<\/div>\n\t\t\t\t\t<\/div>\n\t\t\t\t<\/div>\n\t\t<div class=\"elementor-element elementor-element-3f3627d e-flex e-con-boxed elementor-invisible e-con e-parent\" data-id=\"3f3627d\" data-element_type=\"container\" data-e-type=\"container\" data-settings=\"{&quot;animation&quot;:&quot;fadeInLeft&quot;}\">\n\t\t\t\t\t<div class=\"e-con-inner\">\n\t\t<div class=\"elementor-element elementor-element-e19cd55 e-con-full e-flex e-con e-child\" data-id=\"e19cd55\" data-element_type=\"container\" data-e-type=\"container\">\n\t\t\t\t<div class=\"elementor-element elementor-element-d799436 elementor-widget elementor-widget-image\" data-id=\"d799436\" data-element_type=\"widget\" data-e-type=\"widget\" data-widget_type=\"image.default\">\n\t\t\t\t\t\t\t\t\t\t\t\t\t\t\t<img decoding=\"async\" src=\"https:\/\/orolaguna.es\/wp-content\/uploads\/elementor\/thumbs\/imgi_49_close-up-stack-bangles-marble-surface-generative-ai_974521-24924-rlzm0u5kqnsmerk40ji2xhaen45ili3c1nvql3kvj4.jpg\" title=\"imgi_49_close-up-stack-bangles-marble-surface-generative-ai_974521-24924\" alt=\"imgi_49_close-up-stack-bangles-marble-surface-generative-ai_974521-24924\" loading=\"lazy\" \/>\t\t\t\t\t\t\t\t\t\t\t\t\t\t\t<\/div>\n\t\t\t\t<\/div>\n\t\t<div class=\"elementor-element elementor-element-b830c65 e-con-full e-flex e-con e-child\" data-id=\"b830c65\" data-element_type=\"container\" data-e-type=\"container\">\n\t\t\t\t<div class=\"elementor-element elementor-element-26cf945 elementor-widget elementor-widget-heading\" data-id=\"26cf945\" data-element_type=\"widget\" data-e-type=\"widget\" data-widget_type=\"heading.default\">\n\t\t\t\t\t<h2 class=\"elementor-heading-title elementor-size-default\">Compra de Oro<\/h2>\t\t\t\t<\/div>\n\t\t\t\t<div class=\"elementor-element elementor-element-5b8c7bc elementor-widget elementor-widget-text-editor\" data-id=\"5b8c7bc\" data-element_type=\"widget\" data-e-type=\"widget\" data-widget_type=\"text-editor.default\">\n\t\t\t\t\t\t\t\t\t<ul><li data-start=\"285\" data-end=\"350\">Compra de joyas de oro (anillos, cadenas, pulseras, pendientes)<\/li><li data-start=\"351\" data-end=\"395\">Pago inmediato en efectivo o transferencia<\/li><li data-start=\"396\" data-end=\"432\">Tasaci\u00f3n gratuita y sin compromiso<\/li><li data-start=\"433\" data-end=\"472\">Precios actualizados seg\u00fan el mercado<\/li><\/ul>\t\t\t\t\t\t\t\t<\/div>\n\t\t\t\t<\/div>\n\t\t\t\t\t<\/div>\n\t\t\t\t<\/div>\n\t\t<div class=\"elementor-element elementor-element-6061b38 e-flex e-con-boxed elementor-invisible e-con e-parent\" data-id=\"6061b38\" data-element_type=\"container\" data-e-type=\"container\" data-settings=\"{&quot;animation&quot;:&quot;fadeInRight&quot;}\">\n\t\t\t\t\t<div class=\"e-con-inner\">\n\t\t<div class=\"elementor-element elementor-element-656d2f2 e-con-full e-flex e-con e-child\" data-id=\"656d2f2\" data-element_type=\"container\" data-e-type=\"container\">\n\t\t\t\t<div class=\"elementor-element elementor-element-d1b8de9 elementor-widget elementor-widget-image\" data-id=\"d1b8de9\" data-element_type=\"widget\" data-e-type=\"widget\" data-widget_type=\"image.default\">\n\t\t\t\t\t\t\t\t\t\t\t\t\t\t\t<img decoding=\"async\" src=\"https:\/\/orolaguna.es\/wp-content\/uploads\/elementor\/thumbs\/imgi_53_fractured-euro-sign-3d_274626-9225-rlzmer5jxcugaxcdr228cgv39hk5k6c9mjljdky1eo.jpg\" title=\"imgi_53_fractured-euro-sign-3d_274626-9225\" alt=\"imgi_53_fractured-euro-sign-3d_274626-9225\" loading=\"lazy\" \/>\t\t\t\t\t\t\t\t\t\t\t\t\t\t\t<\/div>\n\t\t\t\t<\/div>\n\t\t<div class=\"elementor-element elementor-element-1c5c55a e-con-full e-flex e-con e-child\" data-id=\"1c5c55a\" data-element_type=\"container\" data-e-type=\"container\">\n\t\t\t\t<div class=\"elementor-element elementor-element-e2801f5 elementor-widget elementor-widget-heading\" data-id=\"e2801f5\" data-element_type=\"widget\" data-e-type=\"widget\" data-widget_type=\"heading.default\">\n\t\t\t\t\t<h2 class=\"elementor-heading-title elementor-size-default\">Venta Recuperable (empe\u00f1o)<\/h2>\t\t\t\t<\/div>\n\t\t\t\t<div class=\"elementor-element elementor-element-2d3d78b elementor-widget elementor-widget-text-editor\" data-id=\"2d3d78b\" data-element_type=\"widget\" data-e-type=\"widget\" data-widget_type=\"text-editor.default\">\n\t\t\t\t\t\t\t\t\t<ul><li data-start=\"568\" data-end=\"610\">Obt\u00e9n dinero por tus joyas sin perderlas<\/li><li data-start=\"611\" data-end=\"661\">Posibilidad de recuperarlas en un plazo acordado<\/li><li data-start=\"662\" data-end=\"698\">Condiciones claras y sin sorpresas<\/li><li data-start=\"699\" data-end=\"715\">Tasaci\u00f3n justa<\/li><\/ul>\t\t\t\t\t\t\t\t<\/div>\n\t\t\t\t<\/div>\n\t\t\t\t\t<\/div>\n\t\t\t\t<\/div>\n\t\t<div class=\"elementor-element elementor-element-a257cfd e-flex e-con-boxed e-con e-parent\" data-id=\"a257cfd\" data-element_type=\"container\" data-e-type=\"container\" data-settings=\"{&quot;background_background&quot;:&quot;classic&quot;}\">\n\t\t\t\t\t<div class=\"e-con-inner\">\n\t\t\t\t<div class=\"elementor-element elementor-element-c5931e6 elementor-invisible elementor-widget elementor-widget-heading\" data-id=\"c5931e6\" data-element_type=\"widget\" data-e-type=\"widget\" data-settings=\"{&quot;_animation&quot;:&quot;fadeIn&quot;}\" data-widget_type=\"heading.default\">\n\t\t\t\t\t<h2 class=\"elementor-heading-title elementor-size-default\">No dudes en contactarnos: <\/h2>\t\t\t\t<\/div>\n\t\t\t\t<div class=\"elementor-element elementor-element-9a10f50 elementor-invisible elementor-widget elementor-widget-button\" data-id=\"9a10f50\" data-element_type=\"widget\" data-e-type=\"widget\" data-settings=\"{&quot;_animation&quot;:&quot;fadeInUp&quot;}\" data-widget_type=\"button.default\">\n\t\t\t\t\t\t\t\t\t\t<a class=\"elementor-button elementor-button-link elementor-size-sm elementor-animation-grow\" href=\"\/en\/contacto\/\">\n\t\t\t\t\t\t<span class=\"elementor-button-content-wrapper\">\n\t\t\t\t\t\t<span class=\"elementor-button-icon\">\n\t\t\t\t<svg aria-hidden=\"true\" class=\"e-font-icon-svg e-fas-comment-dots\" viewbox=\"0 0 512 512\" xmlns=\"http:\/\/www.w3.org\/2000\/svg\"><path d=\"M256 32C114.6 32 0 125.1 0 240c0 49.6 21.4 95 57 130.7C44.5 421.1 2.7 466 2.2 466.5c-2.2 2.3-2.8 5.7-1.5 8.7S4.8 480 8 480c66.3 0 116-31.8 140.6-51.4 32.7 12.3 69 19.4 107.4 19.4 141.4 0 256-93.1 256-208S397.4 32 256 32zM128 272c-17.7 0-32-14.3-32-32s14.3-32 32-32 32 14.3 32 32-14.3 32-32 32zm128 0c-17.7 0-32-14.3-32-32s14.3-32 32-32 32 14.3 32 32-14.3 32-32 32zm128 0c-17.7 0-32-14.3-32-32s14.3-32 32-32 32 14.3 32 32-14.3 32-32 32z\"><\/path><\/svg>\t\t\t<\/span>\n\t\t\t\t\t\t\t\t\t<span class=\"elementor-button-text\">Contacto<\/span>\n\t\t\t\t\t<\/span>\n\t\t\t\t\t<\/a>\n\t\t\t\t\t\t\t\t<\/div>\n\t\t\t\t\t<\/div>\n\t\t\t\t<\/div>\n\t\t\t\t<\/div>","protected":false},"excerpt":{"rendered":"<p>La Laguna Servicio de venta recuperable con total confianza Convierte tus joyas en dinero al instante, con transparencia y seguridad. Compra de Oro Compra de joyas de oro (anillos, cadenas, pulseras, pendientes) Pago inmediato en efectivo o transferencia Tasaci\u00f3n gratuita y sin compromiso Precios actualizados seg\u00fan el mercado Venta Recuperable (empe\u00f1o) Obt\u00e9n dinero por tus [&hellip;]<\/p>\n","protected":false},"author":1,"featured_media":0,"parent":0,"menu_order":0,"comment_status":"closed","ping_status":"closed","template":"elementor_canvas","meta":{"footnotes":""},"class_list":["post-9","page","type-page","status-publish","hentry"],"yoast_head":"<!-- This site is optimized with the Yoast SEO plugin v27.4 - https:\/\/yoast.com\/product\/yoast-seo-wordpress\/ -->\n<title>Servicio - Compro Oro &#039;&#039;La Laguna&#039;&#039;<\/title>\n<meta name=\"robots\" content=\"index, follow, max-snippet:-1, max-image-preview:large, max-video-preview:-1\" \/>\n<link rel=\"canonical\" href=\"https:\/\/orolaguna.es\/en\/servicio\/\" \/>\n<meta property=\"og:locale\" content=\"en_GB\" \/>\n<meta property=\"og:type\" content=\"article\" \/>\n<meta property=\"og:title\" content=\"Servicio - Compro Oro &#039;&#039;La Laguna&#039;&#039;\" \/>\n<meta property=\"og:description\" content=\"La Laguna Servicio de venta recuperable con total confianza Convierte tus joyas en dinero al instante, con transparencia y seguridad. Compra de Oro Compra de joyas de oro (anillos, cadenas, pulseras, pendientes) Pago inmediato en efectivo o transferencia Tasaci\u00f3n gratuita y sin compromiso Precios actualizados seg\u00fan el mercado Venta Recuperable (empe\u00f1o) Obt\u00e9n dinero por tus [&hellip;]\" \/>\n<meta property=\"og:url\" content=\"https:\/\/orolaguna.es\/en\/servicio\/\" \/>\n<meta property=\"og:site_name\" content=\"Compro Oro &#039;&#039;La Laguna&#039;&#039;\" \/>\n<meta property=\"article:modified_time\" content=\"2026-04-14T10:07:15+00:00\" \/>\n<meta property=\"og:image\" content=\"https:\/\/orolaguna.es\/wp-content\/uploads\/elementor\/thumbs\/imgi_49_close-up-stack-bangles-marble-surface-generative-ai_974521-24924-rlzm0u5kqnsmerk40ji2xhaen45ili3c1nvql3kvj4.jpg\" \/>\n<meta name=\"twitter:card\" content=\"summary_large_image\" \/>\n<meta name=\"twitter:label1\" content=\"Estimated reading time\" \/>\n\t<meta name=\"twitter:data1\" content=\"1 minute\" \/>\n<script type=\"application\/ld+json\" class=\"yoast-schema-graph\">{\"@context\":\"https:\\\/\\\/schema.org\",\"@graph\":[{\"@type\":\"WebPage\",\"@id\":\"https:\\\/\\\/orolaguna.es\\\/servicio\\\/\",\"url\":\"https:\\\/\\\/orolaguna.es\\\/servicio\\\/\",\"name\":\"Servicio - Compro Oro &#039;&#039;La Laguna&#039;&#039;\",\"isPartOf\":{\"@id\":\"https:\\\/\\\/orolaguna.es\\\/#website\"},\"primaryImageOfPage\":{\"@id\":\"https:\\\/\\\/orolaguna.es\\\/servicio\\\/#primaryimage\"},\"image\":{\"@id\":\"https:\\\/\\\/orolaguna.es\\\/servicio\\\/#primaryimage\"},\"thumbnailUrl\":\"https:\\\/\\\/orolaguna.es\\\/wp-content\\\/uploads\\\/elementor\\\/thumbs\\\/imgi_49_close-up-stack-bangles-marble-surface-generative-ai_974521-24924-rlzm0u5kqnsmerk40ji2xhaen45ili3c1nvql3kvj4.jpg\",\"datePublished\":\"2026-04-09T15:20:20+00:00\",\"dateModified\":\"2026-04-14T10:07:15+00:00\",\"breadcrumb\":{\"@id\":\"https:\\\/\\\/orolaguna.es\\\/servicio\\\/#breadcrumb\"},\"inLanguage\":\"en-GB\",\"potentialAction\":[{\"@type\":\"ReadAction\",\"target\":[\"https:\\\/\\\/orolaguna.es\\\/servicio\\\/\"]}]},{\"@type\":\"ImageObject\",\"inLanguage\":\"en-GB\",\"@id\":\"https:\\\/\\\/orolaguna.es\\\/servicio\\\/#primaryimage\",\"url\":\"https:\\\/\\\/orolaguna.es\\\/wp-content\\\/uploads\\\/elementor\\\/thumbs\\\/imgi_49_close-up-stack-bangles-marble-surface-generative-ai_974521-24924-rlzm0u5kqnsmerk40ji2xhaen45ili3c1nvql3kvj4.jpg\",\"contentUrl\":\"https:\\\/\\\/orolaguna.es\\\/wp-content\\\/uploads\\\/elementor\\\/thumbs\\\/imgi_49_close-up-stack-bangles-marble-surface-generative-ai_974521-24924-rlzm0u5kqnsmerk40ji2xhaen45ili3c1nvql3kvj4.jpg\"},{\"@type\":\"BreadcrumbList\",\"@id\":\"https:\\\/\\\/orolaguna.es\\\/servicio\\\/#breadcrumb\",\"itemListElement\":[{\"@type\":\"ListItem\",\"position\":1,\"name\":\"Portada\",\"item\":\"https:\\\/\\\/orolaguna.es\\\/\"},{\"@type\":\"ListItem\",\"position\":2,\"name\":\"Servicio\"}]},{\"@type\":\"WebSite\",\"@id\":\"https:\\\/\\\/orolaguna.es\\\/#website\",\"url\":\"https:\\\/\\\/orolaguna.es\\\/\",\"name\":\"Compro Oro &#039;&#039;La Laguna&#039;&#039;\",\"description\":\"Compra de Oro y Venta Recuperable en Madrid \\\/ +34 914 650 798\",\"publisher\":{\"@id\":\"https:\\\/\\\/orolaguna.es\\\/#organization\"},\"potentialAction\":[{\"@type\":\"SearchAction\",\"target\":{\"@type\":\"EntryPoint\",\"urlTemplate\":\"https:\\\/\\\/orolaguna.es\\\/?s={search_term_string}\"},\"query-input\":{\"@type\":\"PropertyValueSpecification\",\"valueRequired\":true,\"valueName\":\"search_term_string\"}}],\"inLanguage\":\"en-GB\"},{\"@type\":\"Organization\",\"@id\":\"https:\\\/\\\/orolaguna.es\\\/#organization\",\"name\":\"Compro Oro &#039;&#039;La Laguna&#039;&#039;\",\"url\":\"https:\\\/\\\/orolaguna.es\\\/\",\"logo\":{\"@type\":\"ImageObject\",\"inLanguage\":\"en-GB\",\"@id\":\"https:\\\/\\\/orolaguna.es\\\/#\\\/schema\\\/logo\\\/image\\\/\",\"url\":\"https:\\\/\\\/orolaguna.es\\\/wp-content\\\/uploads\\\/2026\\\/04\\\/comproorolalaguna202603_logoarriba.jpg\",\"contentUrl\":\"https:\\\/\\\/orolaguna.es\\\/wp-content\\\/uploads\\\/2026\\\/04\\\/comproorolalaguna202603_logoarriba.jpg\",\"width\":550,\"height\":374,\"caption\":\"Compro Oro &#039;&#039;La Laguna&#039;&#039;\"},\"image\":{\"@id\":\"https:\\\/\\\/orolaguna.es\\\/#\\\/schema\\\/logo\\\/image\\\/\"}}]}<\/script>\n<!-- \/ Yoast SEO plugin. -->","yoast_head_json":{"title":"Servicio - Compro Oro &#039;&#039;La Laguna&#039;&#039;","robots":{"index":"index","follow":"follow","max-snippet":"max-snippet:-1","max-image-preview":"max-image-preview:large","max-video-preview":"max-video-preview:-1"},"canonical":"https:\/\/orolaguna.es\/en\/servicio\/","og_locale":"en_GB","og_type":"article","og_title":"Servicio - Compro Oro &#039;&#039;La Laguna&#039;&#039;","og_description":"La Laguna Servicio de venta recuperable con total confianza Convierte tus joyas en dinero al instante, con transparencia y seguridad. Compra de Oro Compra de joyas de oro (anillos, cadenas, pulseras, pendientes) Pago inmediato en efectivo o transferencia Tasaci\u00f3n gratuita y sin compromiso Precios actualizados seg\u00fan el mercado Venta Recuperable (empe\u00f1o) Obt\u00e9n dinero por tus [&hellip;]","og_url":"https:\/\/orolaguna.es\/en\/servicio\/","og_site_name":"Compro Oro &#039;&#039;La Laguna&#039;&#039;","article_modified_time":"2026-04-14T10:07:15+00:00","og_image":[{"url":"https:\/\/orolaguna.es\/wp-content\/uploads\/elementor\/thumbs\/imgi_49_close-up-stack-bangles-marble-surface-generative-ai_974521-24924-rlzm0u5kqnsmerk40ji2xhaen45ili3c1nvql3kvj4.jpg","type":"","width":"","height":""}],"twitter_card":"summary_large_image","twitter_misc":{"Estimated reading time":"1 minute"},"schema":{"@context":"https:\/\/schema.org","@graph":[{"@type":"WebPage","@id":"https:\/\/orolaguna.es\/servicio\/","url":"https:\/\/orolaguna.es\/servicio\/","name":"Servicio - Compro Oro &#039;&#039;La Laguna&#039;&#039;","isPartOf":{"@id":"https:\/\/orolaguna.es\/#website"},"primaryImageOfPage":{"@id":"https:\/\/orolaguna.es\/servicio\/#primaryimage"},"image":{"@id":"https:\/\/orolaguna.es\/servicio\/#primaryimage"},"thumbnailUrl":"https:\/\/orolaguna.es\/wp-content\/uploads\/elementor\/thumbs\/imgi_49_close-up-stack-bangles-marble-surface-generative-ai_974521-24924-rlzm0u5kqnsmerk40ji2xhaen45ili3c1nvql3kvj4.jpg","datePublished":"2026-04-09T15:20:20+00:00","dateModified":"2026-04-14T10:07:15+00:00","breadcrumb":{"@id":"https:\/\/orolaguna.es\/servicio\/#breadcrumb"},"inLanguage":"en-GB","potentialAction":[{"@type":"ReadAction","target":["https:\/\/orolaguna.es\/servicio\/"]}]},{"@type":"ImageObject","inLanguage":"en-GB","@id":"https:\/\/orolaguna.es\/servicio\/#primaryimage","url":"https:\/\/orolaguna.es\/wp-content\/uploads\/elementor\/thumbs\/imgi_49_close-up-stack-bangles-marble-surface-generative-ai_974521-24924-rlzm0u5kqnsmerk40ji2xhaen45ili3c1nvql3kvj4.jpg","contentUrl":"https:\/\/orolaguna.es\/wp-content\/uploads\/elementor\/thumbs\/imgi_49_close-up-stack-bangles-marble-surface-generative-ai_974521-24924-rlzm0u5kqnsmerk40ji2xhaen45ili3c1nvql3kvj4.jpg"},{"@type":"BreadcrumbList","@id":"https:\/\/orolaguna.es\/servicio\/#breadcrumb","itemListElement":[{"@type":"ListItem","position":1,"name":"Portada","item":"https:\/\/orolaguna.es\/"},{"@type":"ListItem","position":2,"name":"Servicio"}]},{"@type":"WebSite","@id":"https:\/\/orolaguna.es\/#website","url":"https:\/\/orolaguna.es\/","name":"Compro Oro &#039;&#039;La Laguna&#039;&#039;","description":"Compra de Oro y Venta Recuperable en Madrid \/ +34 914 650 798","publisher":{"@id":"https:\/\/orolaguna.es\/#organization"},"potentialAction":[{"@type":"SearchAction","target":{"@type":"EntryPoint","urlTemplate":"https:\/\/orolaguna.es\/?s={search_term_string}"},"query-input":{"@type":"PropertyValueSpecification","valueRequired":true,"valueName":"search_term_string"}}],"inLanguage":"en-GB"},{"@type":"Organization","@id":"https:\/\/orolaguna.es\/#organization","name":"Compro Oro &#039;&#039;La Laguna&#039;&#039;","url":"https:\/\/orolaguna.es\/","logo":{"@type":"ImageObject","inLanguage":"en-GB","@id":"https:\/\/orolaguna.es\/#\/schema\/logo\/image\/","url":"https:\/\/orolaguna.es\/wp-content\/uploads\/2026\/04\/comproorolalaguna202603_logoarriba.jpg","contentUrl":"https:\/\/orolaguna.es\/wp-content\/uploads\/2026\/04\/comproorolalaguna202603_logoarriba.jpg","width":550,"height":374,"caption":"Compro Oro &#039;&#039;La Laguna&#039;&#039;"},"image":{"@id":"https:\/\/orolaguna.es\/#\/schema\/logo\/image\/"}}]}},"_links":{"self":[{"href":"https:\/\/orolaguna.es\/en\/wp-json\/wp\/v2\/pages\/9","targetHints":{"allow":["GET"]}}],"collection":[{"href":"https:\/\/orolaguna.es\/en\/wp-json\/wp\/v2\/pages"}],"about":[{"href":"https:\/\/orolaguna.es\/en\/wp-json\/wp\/v2\/types\/page"}],"author":[{"embeddable":true,"href":"https:\/\/orolaguna.es\/en\/wp-json\/wp\/v2\/users\/1"}],"replies":[{"embeddable":true,"href":"https:\/\/orolaguna.es\/en\/wp-json\/wp\/v2\/comments?post=9"}],"version-history":[{"count":37,"href":"https:\/\/orolaguna.es\/en\/wp-json\/wp\/v2\/pages\/9\/revisions"}],"predecessor-version":[{"id":202,"href":"https:\/\/orolaguna.es\/en\/wp-json\/wp\/v2\/pages\/9\/revisions\/202"}],"wp:attachment":[{"href":"https:\/\/orolaguna.es\/en\/wp-json\/wp\/v2\/media?parent=9"}],"curies":[{"name":"wp","href":"https:\/\/api.w.org\/{rel}","templated":true}]}}